{"id":11,"date":"2012-05-09T03:09:54","date_gmt":"2012-05-09T01:09:54","guid":{"rendered":"http:\/\/beta.arac-asso.org\/?page_id=11"},"modified":"2025-01-26T23:18:57","modified_gmt":"2025-01-26T22:18:57","slug":"contact","status":"publish","type":"page","link":"https:\/\/essv.fr\/index.php\/contact\/","title":{"rendered":"CONTACT"},"content":{"rendered":"\n<h3 class=\"wp-block-heading\">Pour tout renseignement : contact@essv.fr<\/h3>\n\n\n\n<h5 class=\"wp-block-heading\">En fonction de votre localisation g\u00e8ograp\u0125ique, et de vos attentes,&nbsp;nous vous pr\u00e9senteront les formations possibles sur notre base ou sur votre centre , nous vous orienterons vers un de nos centres \u00e9questres partenaires ou vous mettrons en relation avec un de nos experts&nbsp;dipl\u00f4m\u00e9s d&rsquo;\u00e9tat.<\/h5>\n\n\n\n<p><img loading=\"lazy\" decoding=\"async\" width=\"1200\" height=\"848\" class=\"wp-image-876\" style=\"width: 1200px;\" src=\"https:\/\/essv.fr\/wp-content\/uploads\/2025\/01\/contact-experts.jpeg\" alt=\"\" srcset=\"https:\/\/essv.fr\/wp-content\/uploads\/2025\/01\/contact-experts.jpeg 1169w, https:\/\/essv.fr\/wp-content\/uploads\/2025\/01\/contact-experts-300x212.jpeg 300w, https:\/\/essv.fr\/wp-content\/uploads\/2025\/01\/contact-experts-1024x724.jpeg 1024w, https:\/\/essv.fr\/wp-content\/uploads\/2025\/01\/contact-experts-768x543.jpeg 768w, https:\/\/essv.fr\/wp-content\/uploads\/2025\/01\/contact-experts-100x71.jpeg 100w, https:\/\/essv.fr\/wp-content\/uploads\/2025\/01\/contact-experts-150x106.jpeg 150w, https:\/\/essv.fr\/wp-content\/uploads\/2025\/01\/contact-experts-200x141.jpeg 200w, https:\/\/essv.fr\/wp-content\/uploads\/2025\/01\/contact-experts-450x318.jpeg 450w, https:\/\/essv.fr\/wp-content\/uploads\/2025\/01\/contact-experts-600x424.jpeg 600w, https:\/\/essv.fr\/wp-content\/uploads\/2025\/01\/contact-experts-900x636.jpeg 900w\" sizes=\"auto, (max-width: 1200px) 100vw, 1200px\" \/>\u00a0<\/p>\n\n\n\n<p><\/p>\n","protected":false},"excerpt":{"rendered":"<p>Pour tout renseignement : contact@essv.fr En fonction de votre localisation g\u00e8ograp\u0125ique, et de vos attentes,&nbsp;nous vous pr\u00e9senteront les formations possibles sur notre base ou sur votre centre , nous vous orienterons vers un de nos centres \u00e9questres partenaires ou vous &hellip;<\/p>\n<p class=\"read-more\"> <a class=\"more-link\" href=\"https:\/\/essv.fr\/index.php\/contact\/\"> <span class=\"screen-reader-text\">CONTACT<\/span> Read More &raquo;<\/a><\/p>\n","protected":false},"author":1,"featured_media":0,"parent":0,"menu_order":1,"comment_status":"closed","ping_status":"closed","template":"","meta":{"footnotes":""},"class_list":["post-11","page","type-page","status-publish","hentry"],"_links":{"self":[{"href":"https:\/\/essv.fr\/index.php\/wp-json\/wp\/v2\/pages\/11","targetHints":{"allow":["GET"]}}],"collection":[{"href":"https:\/\/essv.fr\/index.php\/wp-json\/wp\/v2\/pages"}],"about":[{"href":"https:\/\/essv.fr\/index.php\/wp-json\/wp\/v2\/types\/page"}],"author":[{"embeddable":true,"href":"https:\/\/essv.fr\/index.php\/wp-json\/wp\/v2\/users\/1"}],"replies":[{"embeddable":true,"href":"https:\/\/essv.fr\/index.php\/wp-json\/wp\/v2\/comments?post=11"}],"version-history":[{"count":25,"href":"https:\/\/essv.fr\/index.php\/wp-json\/wp\/v2\/pages\/11\/revisions"}],"predecessor-version":[{"id":883,"href":"https:\/\/essv.fr\/index.php\/wp-json\/wp\/v2\/pages\/11\/revisions\/883"}],"wp:attachment":[{"href":"https:\/\/essv.fr\/index.php\/wp-json\/wp\/v2\/media?parent=11"}],"curies":[{"name":"wp","href":"https:\/\/api.w.org\/{rel}","templated":true}]}}