{"id":148,"date":"2014-05-18T12:00:49","date_gmt":"2014-05-18T10:00:49","guid":{"rendered":"http:\/\/essv.fr\/?page_id=148"},"modified":"2018-04-07T19:47:14","modified_gmt":"2018-04-07T17:47:14","slug":"whos-cavalier","status":"publish","type":"page","link":"https:\/\/essv.fr\/index.php\/whos-cavalier\/","title":{"rendered":"Vous \u00eates Enseignant ou Stagiaire Moniteur"},"content":{"rendered":"<address>1 vid\u00e9o ajout\u00e9e en bas de page<\/address>\n<address>Autres vid\u00e9os ajout\u00e9es dans la rubrique \u00a0\u00bb EN IMAGE ! \u00ab\u00a0<\/address>\n<address>D\u00e9couvrez toutes nos actions en cours ou \u00e0 venir sur\u00a0<a href=\"http:\/\/arac-asso.org\/\">\u00a0\u00bb\u00a0<strong>arac-asso.org \u00ab\u00a0<\/strong><\/a><br \/>\nSuivez notre actualit\u00e9 et r\u00e9agissez sur \u00ab\u00a0<a href=\"http:\/\/essv.fr\/index.php\/acces-pages-facebook\/\"><strong>\u00a0Nos pages facebook\u00a0<\/strong><\/a>\u00ab\u00a0<\/address>\n<p>&nbsp;<\/p>\n<h4><span style=\"color: #3366ff;\">D\u00e9<img loading=\"lazy\" decoding=\"async\" class=\"wp-image-176 alignleft\" src=\"http:\/\/essv.fr\/wp-content\/uploads\/2014\/06\/akim-ext-150x150.jpeg\" alt=\"akim-ext\" width=\"183\" height=\"184\" \/>couvrer cette situation p\u00e9dagogique originale pour en faire profiter vos cavaliers du d\u00e9butant au confirm\u00e9 : <span style=\"color: #000000;\">\u00a0<strong><span style=\"color: #ff9900;\">cliquez sur<\/span><\/strong><\/span><strong><span style=\"color: #ff9900;\">\u00a0 \u00a0<a title=\"L\u2019essentiel \u00e0 d\u00e9couvrir !\" href=\"http:\/\/essv.fr\/index.php\/info-essv\/\"><span style=\"color: #ff9900;\">\u00ab\u00a0L&rsquo;ESSENTIEL\u00a0\u00bb<\/span><\/a><\/span><\/strong><\/span><\/h4>\n<h4><span style=\"color: #3366ff;\">Cette formation aborde aussi\u00a0l&rsquo;accueil d&rsquo;un public d\u00e9ficient visuel.<\/span><\/h4>\n<h4><span style=\"color: #3366ff;\">Nous proposons des journ\u00e9es de formation \u00a0\u00bb \u00e0 la demande \u00a0\u00bb sur votre centre \u00e9questre ou \u00e0 l&rsquo;occasion de nos activit\u00e9s, pour vous, vos enseignants et vos stagiaires<\/span><\/h4>\n<p>&nbsp;<\/p>\n<h3><\/h3>\n<h3><span style=\"text-decoration: underline;\">Les th\u00e8mes suivants sont abord\u00e9s \u00e0 la demande avec des apports th\u00e9oriques et des mises en situation :<\/span><\/h3>\n<h4>&#8211; La pr\u00e9paration de la cavalerie<\/h4>\n<h4>&#8211; Les points cl\u00e9s pour l&rsquo;encadrement en toute s\u00e9curit\u00e9<\/h4>\n<h4>&#8211; Les am\u00e9nagements et le mat\u00e9riel pour optimiser la pratique , notamment l&#8217;emploi des r\u00eanes \u00e0 poign\u00e9es \u00ab\u00a0EQUI-DRIVE\u00a0\u00bb<\/h4>\n<h4>&#8211; Les m\u00e9thodes p\u00e9dagogiques avec les plans de formation<\/h4>\n<p>&nbsp;<\/p>\n<p><img loading=\"lazy\" decoding=\"async\" class=\" wp-image-229 alignleft\" src=\"http:\/\/essv.fr\/wp-content\/uploads\/2014\/06\/CHICHILIANE-3-150x150.jpg\" alt=\"CHICHILIANE-3\" width=\"179\" height=\"179\" \/><\/p>\n<p>&nbsp;<\/p>\n<h4><span style=\"color: #3366ff;\">Nous pouvons \u00e9galement animer des\u00a0stages \u00a0sur votre centre \u00e9questre <\/span><\/h4>\n<h4><span style=\"color: #3366ff;\">pour vos cavaliers de club et vos propri\u00e9taires<\/span><\/h4>\n<p>&nbsp;<\/p>\n<p>&nbsp;<\/p>\n<p>&nbsp;<\/p>\n<h3><span style=\"color: #ff9900;\">DES S\u00c9ANCES CONVIVIALES AVEC DES MISES EN SITUATION PROGRESSIVES<\/span><\/h3>\n<h4>Ici, les cavaliers perfectionnent leur fonctionnement au trot enlev\u00e9. D\u00e8s que les chevaux ne sont plus concentr\u00e9s sur les attentes de leuts cavaliers, ils \u00ab\u00a0sortent \u00a0\u00bb du travail et se regroupent ! Le cavalier doit rester concentr\u00e9 sur l&rsquo;activit\u00e9 \u00a0de son cheval et r\u00e9agir d\u00e8s qu&rsquo;elle s&rsquo;\u00e9teint.<\/h4>\n<h4>Lorsque ce param\u00e8tre est respect\u00e9, les chevaux s&rsquo;organisent librement par rapport aux autres chevaux et \u00e0 la complexit\u00e9 du milieu ( ici sur un terrain d&rsquo;obstacles). Cette autonomie permet \u00e0 l&rsquo;enseignant de conduire sa s\u00e9ance \u00ab\u00a0normalement\u00a0\u00bb sans devoir \u00ab\u00a0t\u00e9l\u00e9guider\u00a0\u00bb ses cavaliers.<\/h4>\n<p><iframe loading=\"lazy\" title=\"ESSV - Extrait s\u00e9ance - Trot enlev\u00e9 et Al\u00e9as : regroupement\" width=\"605\" height=\"340\" src=\"https:\/\/www.youtube.com\/embed\/xJYjlIV1JxU?feature=oembed\" frameborder=\"0\" allow=\"accelerometer; autoplay; clipboard-write; encrypted-media; gyroscope; picture-in-picture; web-share\" referrerpolicy=\"strict-origin-when-cross-origin\" allowfullscreen><\/iframe><\/p>\n<p>&nbsp;<\/p>\n","protected":false},"excerpt":{"rendered":"<p>1 vid\u00e9o ajout\u00e9e en bas de page Autres vid\u00e9os ajout\u00e9es dans la rubrique \u00a0\u00bb EN IMAGE ! \u00ab\u00a0 D\u00e9couvrez toutes nos actions en cours ou \u00e0 venir sur\u00a0\u00a0\u00bb\u00a0arac-asso.org \u00ab\u00a0 Suivez notre actualit\u00e9 et r\u00e9agissez sur \u00ab\u00a0\u00a0Nos pages facebook\u00a0\u00ab\u00a0 &nbsp; D\u00e9couvrer &hellip;<\/p>\n<p class=\"read-more\"> <a class=\"more-link\" href=\"https:\/\/essv.fr\/index.php\/whos-cavalier\/\"> <span class=\"screen-reader-text\">Vous \u00eates Enseignant ou Stagiaire Moniteur<\/span> Read More &raquo;<\/a><\/p>\n","protected":false},"author":2,"featured_media":0,"parent":0,"menu_order":0,"comment_status":"closed","ping_status":"closed","template":"","meta":{"footnotes":""},"class_list":["post-148","page","type-page","status-publish","hentry"],"_links":{"self":[{"href":"https:\/\/essv.fr\/index.php\/wp-json\/wp\/v2\/pages\/148","targetHints":{"allow":["GET"]}}],"collection":[{"href":"https:\/\/essv.fr\/index.php\/wp-json\/wp\/v2\/pages"}],"about":[{"href":"https:\/\/essv.fr\/index.php\/wp-json\/wp\/v2\/types\/page"}],"author":[{"embeddable":true,"href":"https:\/\/essv.fr\/index.php\/wp-json\/wp\/v2\/users\/2"}],"replies":[{"embeddable":true,"href":"https:\/\/essv.fr\/index.php\/wp-json\/wp\/v2\/comments?post=148"}],"version-history":[{"count":44,"href":"https:\/\/essv.fr\/index.php\/wp-json\/wp\/v2\/pages\/148\/revisions"}],"predecessor-version":[{"id":683,"href":"https:\/\/essv.fr\/index.php\/wp-json\/wp\/v2\/pages\/148\/revisions\/683"}],"wp:attachment":[{"href":"https:\/\/essv.fr\/index.php\/wp-json\/wp\/v2\/media?parent=148"}],"curies":[{"name":"wp","href":"https:\/\/api.w.org\/{rel}","templated":true}]}}