{"id":162,"date":"2014-05-18T12:21:07","date_gmt":"2014-05-18T10:21:07","guid":{"rendered":"http:\/\/essv.fr\/?page_id=162"},"modified":"2018-04-07T19:46:12","modified_gmt":"2018-04-07T17:46:12","slug":"whos-cavalier-club","status":"publish","type":"page","link":"https:\/\/essv.fr\/index.php\/whos-cavalier-club\/","title":{"rendered":"Vous \u00eates d\u00e9j\u00e0 cavalier"},"content":{"rendered":"<h1>ou vous avez envie de le devenir<\/h1>\n<p>1 vid\u00e9o ajout\u00e9e<\/p>\n<p>Autres vid\u00e9os ajout\u00e9es dans la rubrique \u00ab\u00a0EN IMAGE !\u00a0\u00bb<\/p>\n<p>D\u00e9couvrez toutes nos actions en cours ou \u00e0 venir sur\u00a0<a href=\"http:\/\/arac-asso.org\/\">\u00a0\u00bb\u00a0<strong>arac-asso.org \u00ab\u00a0<\/strong><\/a><br \/>\nSuivez notre actualit\u00e9 et r\u00e9agissez sur \u00ab\u00a0<a href=\"http:\/\/essv.fr\/index.php\/acces-pages-facebook\/\"><strong>\u00a0Nos pages facebook\u00a0<\/strong><\/a>\u00a0\u00bb<\/p>\n<p>&nbsp;<\/p>\n<h5><span style=\"color: #3366ff;\">Par des situations progressives et adapt\u00e9es, d\u00e9couvrez une relation toute particuli\u00e8re avec votre cheval bas\u00e9e sur la confiance et le respect.<\/span><\/h5>\n<h5><span style=\"color: #000000;\">\u00c9quip\u00e9 de lunettes \u00ab\u00a0anti-vue\u00a0\u00bb , concentr\u00e9 exclusivement sur\u00a0vos\u00a0sensations, vous partagerez \u00a0avec votre cheval \u00a0des moments de complicit\u00e9 et\u00a0le plaisir des mouvements r\u00e9alis\u00e9s ensemble.<\/span><\/h5>\n<h5><span style=\"color: #3366ff;\">Vous apprendrez \u00e0\u00a0profiter de cette situation\u00a0\u00a0pour\u00a0d\u00e9velopper votre tact \u00e9questre et mieux comprendre votre cheval.<\/span><\/h5>\n<h5><span style=\"color: #000000;\">Cette approche\u00a0fera de vous un \u00ab\u00a0homme-cheval\u00a0\u00bb ou une \u00ab\u00a0femme-cheval\u00a0\u00bb pr\u00e9occup\u00e9 exclusivement par le bien \u00eatre du couple.dans\u00a0sa\u00a0pratique \u00e9questre qu&rsquo;elle soit sportive ou de loisir.<\/span><\/h5>\n<p>&nbsp;<\/p>\n<h2>\u00a0 \u00a0 \u00a0 \u00a0 \u00a0 \u00a0 \u00a0 \u00a0 \u00a0 \u00a0<span style=\"color: #3366ff;\">\u00a0<span style=\"text-decoration: underline;\">Cliquez sur :\u00a0<a title=\"L\u2019essentiel \u00e0 d\u00e9couvrir !\" href=\"http:\/\/essv.fr\/index.php\/info-essv\/\"><span style=\"color: #3366ff; text-decoration: underline;\">\u00a0<span style=\"color: #ff0000; text-decoration: underline;\">L\u2019essentiel \u00e0 d\u00e9couvrir !<\/span><\/span><\/a><\/span><\/span><\/h2>\n<p>&nbsp;<\/p>\n<h3 style=\"text-align: justify;\"><span style=\"color: #000000;\">Nous proposons des s\u00e9ances hebdomadaires et des stages en week-end sur nos centres \u00e9questres partenaires<\/span><\/h3>\n<h3 style=\"text-align: justify;\"><span style=\"color: #000000;\">A la demande , nous nous d\u00e9pla\u00e7ons sur votre\u00a0centre \u00e9questre pour animer des journ\u00e9es de stage ou des animations \u00ab\u00a0d\u00e9couverte\u00a0\u00bb<\/span><\/h3>\n<p>&nbsp;<\/p>\n<h3><\/h3>\n","protected":false},"excerpt":{"rendered":"<p>ou vous avez envie de le devenir 1 vid\u00e9o ajout\u00e9e Autres vid\u00e9os ajout\u00e9es dans la rubrique \u00ab\u00a0EN IMAGE !\u00a0\u00bb D\u00e9couvrez toutes nos actions en cours ou \u00e0 venir sur\u00a0\u00a0\u00bb\u00a0arac-asso.org \u00ab\u00a0 Suivez notre actualit\u00e9 et r\u00e9agissez sur \u00ab\u00a0\u00a0Nos pages facebook\u00a0\u00a0\u00bb &nbsp; &hellip;<\/p>\n<p class=\"read-more\"> <a class=\"more-link\" href=\"https:\/\/essv.fr\/index.php\/whos-cavalier-club\/\"> <span class=\"screen-reader-text\">Vous \u00eates d\u00e9j\u00e0 cavalier<\/span> Read More &raquo;<\/a><\/p>\n","protected":false},"author":2,"featured_media":0,"parent":0,"menu_order":0,"comment_status":"closed","ping_status":"closed","template":"","meta":{"footnotes":""},"class_list":["post-162","page","type-page","status-publish","hentry"],"_links":{"self":[{"href":"https:\/\/essv.fr\/index.php\/wp-json\/wp\/v2\/pages\/162","targetHints":{"allow":["GET"]}}],"collection":[{"href":"https:\/\/essv.fr\/index.php\/wp-json\/wp\/v2\/pages"}],"about":[{"href":"https:\/\/essv.fr\/index.php\/wp-json\/wp\/v2\/types\/page"}],"author":[{"embeddable":true,"href":"https:\/\/essv.fr\/index.php\/wp-json\/wp\/v2\/users\/2"}],"replies":[{"embeddable":true,"href":"https:\/\/essv.fr\/index.php\/wp-json\/wp\/v2\/comments?post=162"}],"version-history":[{"count":30,"href":"https:\/\/essv.fr\/index.php\/wp-json\/wp\/v2\/pages\/162\/revisions"}],"predecessor-version":[{"id":682,"href":"https:\/\/essv.fr\/index.php\/wp-json\/wp\/v2\/pages\/162\/revisions\/682"}],"wp:attachment":[{"href":"https:\/\/essv.fr\/index.php\/wp-json\/wp\/v2\/media?parent=162"}],"curies":[{"name":"wp","href":"https:\/\/api.w.org\/{rel}","templated":true}]}}