{"id":171,"date":"2014-05-18T22:48:11","date_gmt":"2014-05-18T20:48:11","guid":{"rendered":"http:\/\/essv.fr\/?page_id=171"},"modified":"2014-08-03T16:11:04","modified_gmt":"2014-08-03T14:11:04","slug":"la-methode","status":"publish","type":"page","link":"https:\/\/essv.fr\/index.php\/la-methode\/","title":{"rendered":"La m\u00e9thode"},"content":{"rendered":"<h4 style=\"text-align: justify;\"><span style=\"color: #3366ff;\">L&rsquo;ESSV est une activit\u00e9 \u00e0 part enti\u00e8re qui , comme toute discipline \u00e9questre, \u00a0a ses propres techniques et demande des qualit\u00e9s et des comp\u00e9tences\u00a0\u00a0sp\u00e9cifiques autant chez le cheval que chez le cavalier.<\/span><\/h4>\n<h4 style=\"text-align: justify;\"><span style=\"color: #3366ff;\">De m\u00eame, elle n\u00e9cessite un mat\u00e9riel et des am\u00e9nagements permettant\u00a0une pratique performante et en toute s\u00e9curit\u00e9.<\/span><\/h4>\n<h4 style=\"text-align: justify;\">L<span style=\"color: #000000;\">&lsquo;originalit\u00e9 de l&rsquo;ESSV r\u00e9side dans la superposition de\u00a0 2 activit\u00e9s : la pratique \u00ab\u00a0sans la vue\u00a0\u00bb +\u00a0une discipline \u00ab\u00a0classique\u00a0\u00bb \u00a0( dressage, saut d&rsquo;obstacles, etc&#8230;).<\/span><\/h4>\n<h4 style=\"text-align: justify;\"><span style=\"color: #000000;\">Il s&rsquo;agit de concilier ces 2 logiques particuli\u00e8res pour finalement r\u00e9aliser les contrats techniques de la seule discipline \u00ab\u00a0classique\u00a0\u00bb : la finalit\u00e9 est donc \u00ab\u00a0ordinaire\u00a0\u00bb mais le cavalier emprunte un cheminement \u00ab\u00a0sp\u00e9cifique\u00a0\u00bb pour y parvenir.<\/span><\/h4>\n<h4 style=\"text-align: justify;\"><span style=\"color: #0000ff;\">Ce cheminement doit lui permettre de cr\u00e9er les conditions de bien-\u00eatre, d&rsquo;adh\u00e9sion et d&rsquo;\u00e9panouissement de son cheval sans lesquelles les contrats ne pourront en aucun cas \u00eatre r\u00e9alis\u00e9s, le cavalier \u00ab\u00a0en aveugle\u00a0\u00bb \u00e9tant en total incapacit\u00e9 de contraindre son cheval .<\/span><\/h4>\n<h4 style=\"text-align: justify;\"><span style=\"color: #0000ff;\">Les apprentissages n\u00e9cessairement d\u00e9velopp\u00e9s en ESSV \u00a0restent de fait totalement b\u00e9n\u00e9fiques et \u00e0 continuer \u00e0 utiliser \u00ab\u00a0avec la vue\u00a0\u00bb pour les cavaliers qui ne sont pas d\u00e9ficients visuels, pour garantir une pratique respectueuse et en complicit\u00e9 avec le cheval.<\/span><\/h4>\n<p>&nbsp;<\/p>\n<p>&nbsp;<\/p>\n<p>&nbsp;<\/p>\n","protected":false},"excerpt":{"rendered":"<p>L&rsquo;ESSV est une activit\u00e9 \u00e0 part enti\u00e8re qui , comme toute discipline \u00e9questre, \u00a0a ses propres techniques et demande des qualit\u00e9s et des comp\u00e9tences\u00a0\u00a0sp\u00e9cifiques autant chez le cheval que chez le cavalier. De m\u00eame, elle n\u00e9cessite un mat\u00e9riel et des &hellip;<\/p>\n<p class=\"read-more\"> <a class=\"more-link\" href=\"https:\/\/essv.fr\/index.php\/la-methode\/\"> <span class=\"screen-reader-text\">La m\u00e9thode<\/span> Read More &raquo;<\/a><\/p>\n","protected":false},"author":2,"featured_media":0,"parent":0,"menu_order":0,"comment_status":"closed","ping_status":"closed","template":"","meta":{"footnotes":""},"class_list":["post-171","page","type-page","status-publish","hentry"],"_links":{"self":[{"href":"https:\/\/essv.fr\/index.php\/wp-json\/wp\/v2\/pages\/171","targetHints":{"allow":["GET"]}}],"collection":[{"href":"https:\/\/essv.fr\/index.php\/wp-json\/wp\/v2\/pages"}],"about":[{"href":"https:\/\/essv.fr\/index.php\/wp-json\/wp\/v2\/types\/page"}],"author":[{"embeddable":true,"href":"https:\/\/essv.fr\/index.php\/wp-json\/wp\/v2\/users\/2"}],"replies":[{"embeddable":true,"href":"https:\/\/essv.fr\/index.php\/wp-json\/wp\/v2\/comments?post=171"}],"version-history":[{"count":6,"href":"https:\/\/essv.fr\/index.php\/wp-json\/wp\/v2\/pages\/171\/revisions"}],"predecessor-version":[{"id":315,"href":"https:\/\/essv.fr\/index.php\/wp-json\/wp\/v2\/pages\/171\/revisions\/315"}],"wp:attachment":[{"href":"https:\/\/essv.fr\/index.php\/wp-json\/wp\/v2\/media?parent=171"}],"curies":[{"name":"wp","href":"https:\/\/api.w.org\/{rel}","templated":true}]}}