{"id":281,"date":"2014-08-03T13:08:39","date_gmt":"2014-08-03T11:08:39","guid":{"rendered":"http:\/\/essv.fr\/?page_id=281"},"modified":"2018-01-03T23:04:09","modified_gmt":"2018-01-03T22:04:09","slug":"securite","status":"publish","type":"page","link":"https:\/\/essv.fr\/index.php\/securite\/","title":{"rendered":"La s\u00e9curit\u00e9 \u00ab\u00a0optimis\u00e9e\u00a0\u00bb par l&rsquo;ESSV !"},"content":{"rendered":"<p>&nbsp;<\/p>\n<h3 style=\"text-align: justify;\"><span style=\"color: #3366ff;\">Contrairement \u00e0 ce que l&rsquo;on peut s&rsquo;imaginer de prime abord, curieusement et l&rsquo;exp\u00e9rience nous le prouve, la pratique de l&rsquo;\u00e9quitation \u00ab\u00a0en aveugle\u00a0\u00bb renforce la s\u00e9curit\u00e9 pour le cheval , comme pour le cavalier.<\/span><\/h3>\n<h3 style=\"text-align: justify;\"><\/h3>\n<h3 style=\"text-align: justify;\"><span style=\"color: #000000;\">Dans cette situation particuli\u00e8re, la gestion de la s\u00e9curit\u00e9 ne peut pas \u00eatre \u00ab\u00a0sous-entendue\u00a0\u00bb et se situe au coeur m\u00eame de la pratique. Des protocoles sont ainsi naturellement et pr\u00e9cis\u00e9ment mis en place pour qu&rsquo;elle soit assur\u00e9e en permanence.<\/span><\/h3>\n<h3 style=\"text-align: justify;\"><\/h3>\n<h3 style=\"text-align: justify;\"><span style=\"color: #3366ff;\">Cette vigilance induite par l&rsquo;ESSV fait partie des apports b\u00e9n\u00e9fiques de cette activit\u00e9.<\/span><\/h3>\n<p>&nbsp;<\/p>\n<p>&nbsp;<\/p>\n<p>&nbsp;<\/p>\n<p>&nbsp;<\/p>\n","protected":false},"excerpt":{"rendered":"<p>&nbsp; Contrairement \u00e0 ce que l&rsquo;on peut s&rsquo;imaginer de prime abord, curieusement et l&rsquo;exp\u00e9rience nous le prouve, la pratique de l&rsquo;\u00e9quitation \u00ab\u00a0en aveugle\u00a0\u00bb renforce la s\u00e9curit\u00e9 pour le cheval , comme pour le cavalier. Dans cette situation particuli\u00e8re, la gestion &hellip;<\/p>\n<p class=\"read-more\"> <a class=\"more-link\" href=\"https:\/\/essv.fr\/index.php\/securite\/\"> <span class=\"screen-reader-text\">La s\u00e9curit\u00e9 \u00ab\u00a0optimis\u00e9e\u00a0\u00bb par l&rsquo;ESSV !<\/span> Read More &raquo;<\/a><\/p>\n","protected":false},"author":2,"featured_media":0,"parent":0,"menu_order":0,"comment_status":"closed","ping_status":"closed","template":"","meta":{"footnotes":""},"class_list":["post-281","page","type-page","status-publish","hentry"],"_links":{"self":[{"href":"https:\/\/essv.fr\/index.php\/wp-json\/wp\/v2\/pages\/281","targetHints":{"allow":["GET"]}}],"collection":[{"href":"https:\/\/essv.fr\/index.php\/wp-json\/wp\/v2\/pages"}],"about":[{"href":"https:\/\/essv.fr\/index.php\/wp-json\/wp\/v2\/types\/page"}],"author":[{"embeddable":true,"href":"https:\/\/essv.fr\/index.php\/wp-json\/wp\/v2\/users\/2"}],"replies":[{"embeddable":true,"href":"https:\/\/essv.fr\/index.php\/wp-json\/wp\/v2\/comments?post=281"}],"version-history":[{"count":9,"href":"https:\/\/essv.fr\/index.php\/wp-json\/wp\/v2\/pages\/281\/revisions"}],"predecessor-version":[{"id":296,"href":"https:\/\/essv.fr\/index.php\/wp-json\/wp\/v2\/pages\/281\/revisions\/296"}],"wp:attachment":[{"href":"https:\/\/essv.fr\/index.php\/wp-json\/wp\/v2\/media?parent=281"}],"curies":[{"name":"wp","href":"https:\/\/api.w.org\/{rel}","templated":true}]}}