{"id":363,"date":"2014-08-04T23:59:49","date_gmt":"2014-08-04T21:59:49","guid":{"rendered":"http:\/\/essv.fr\/?page_id=363"},"modified":"2014-08-11T17:46:47","modified_gmt":"2014-08-11T15:46:47","slug":"programme-jeux-mondiaux","status":"publish","type":"page","link":"https:\/\/essv.fr\/index.php\/programme-jeux-mondiaux\/","title":{"rendered":"D\u00e9monstrations et Bapt\u00eames &#8211; Village des jeux"},"content":{"rendered":"<p>D\u00e9monstrations Dressage et obstacles : Mardi 2 septembre \u00e0 12h15 et 15h30 \u00a0&#8211; Mercredi 3 septembre \u00e0 11h et 16h45<\/p>\n<p><a href=\"http:\/\/essv.fr\/wp-content\/uploads\/2014\/08\/JEUX-FLYERS.jpg\"><img loading=\"lazy\" decoding=\"async\" class=\"alignnone size-full wp-image-414\" src=\"http:\/\/essv.fr\/wp-content\/uploads\/2014\/08\/JEUX-FLYERS.jpg\" alt=\"JEUX-FLYERS\" width=\"793\" height=\"1123\" srcset=\"https:\/\/essv.fr\/wp-content\/uploads\/2014\/08\/JEUX-FLYERS.jpg 793w, https:\/\/essv.fr\/wp-content\/uploads\/2014\/08\/JEUX-FLYERS-211x300.jpg 211w, https:\/\/essv.fr\/wp-content\/uploads\/2014\/08\/JEUX-FLYERS-723x1024.jpg 723w, https:\/\/essv.fr\/wp-content\/uploads\/2014\/08\/JEUX-FLYERS-100x141.jpg 100w, https:\/\/essv.fr\/wp-content\/uploads\/2014\/08\/JEUX-FLYERS-150x212.jpg 150w, https:\/\/essv.fr\/wp-content\/uploads\/2014\/08\/JEUX-FLYERS-200x283.jpg 200w, https:\/\/essv.fr\/wp-content\/uploads\/2014\/08\/JEUX-FLYERS-300x424.jpg 300w, https:\/\/essv.fr\/wp-content\/uploads\/2014\/08\/JEUX-FLYERS-450x637.jpg 450w, https:\/\/essv.fr\/wp-content\/uploads\/2014\/08\/JEUX-FLYERS-600x849.jpg 600w\" sizes=\"auto, (max-width: 793px) 100vw, 793px\" \/><\/a><\/p>\n","protected":false},"excerpt":{"rendered":"<p>D\u00e9monstrations Dressage et obstacles : Mardi 2 septembre \u00e0 12h15 et 15h30 \u00a0&#8211; Mercredi 3 septembre \u00e0 11h et 16h45<\/p>\n","protected":false},"author":2,"featured_media":0,"parent":0,"menu_order":0,"comment_status":"closed","ping_status":"closed","template":"","meta":{"footnotes":""},"class_list":["post-363","page","type-page","status-publish","hentry"],"_links":{"self":[{"href":"https:\/\/essv.fr\/index.php\/wp-json\/wp\/v2\/pages\/363","targetHints":{"allow":["GET"]}}],"collection":[{"href":"https:\/\/essv.fr\/index.php\/wp-json\/wp\/v2\/pages"}],"about":[{"href":"https:\/\/essv.fr\/index.php\/wp-json\/wp\/v2\/types\/page"}],"author":[{"embeddable":true,"href":"https:\/\/essv.fr\/index.php\/wp-json\/wp\/v2\/users\/2"}],"replies":[{"embeddable":true,"href":"https:\/\/essv.fr\/index.php\/wp-json\/wp\/v2\/comments?post=363"}],"version-history":[{"count":9,"href":"https:\/\/essv.fr\/index.php\/wp-json\/wp\/v2\/pages\/363\/revisions"}],"predecessor-version":[{"id":415,"href":"https:\/\/essv.fr\/index.php\/wp-json\/wp\/v2\/pages\/363\/revisions\/415"}],"wp:attachment":[{"href":"https:\/\/essv.fr\/index.php\/wp-json\/wp\/v2\/media?parent=363"}],"curies":[{"name":"wp","href":"https:\/\/api.w.org\/{rel}","templated":true}]}}