{"id":460,"date":"2014-08-17T18:48:21","date_gmt":"2014-08-17T16:48:21","guid":{"rendered":"http:\/\/essv.fr\/?page_id=460"},"modified":"2015-08-04T22:32:02","modified_gmt":"2015-08-04T20:32:02","slug":"mouvements","status":"publish","type":"page","link":"https:\/\/essv.fr\/index.php\/mouvements\/","title":{"rendered":"Mouvements techniques significatifs"},"content":{"rendered":"<p>2 vid\u00e9os ajout\u00e9es<\/p>\n<p>&nbsp;<\/p>\n<h3>&#8211; \u00a0<span style=\"color: #ff9900;\">CESSION \u00c0 LA JAMBE \u00a0<\/span><\/h3>\n<h4>Le cavalier cr\u00e9\u00e9 les conditions pour que son cheval lui \u00ab\u00a0offre\u00a0\u00bb le mouvement : ici, la \u00ab\u00a0cession \u00e0 la jambe\u00a0\u00bb s&rsquo;impose au cheval comme le mouvement le plus adapt\u00e9 au \u00ab\u00a0contexte\u00a0\u00bb pr\u00e9sent &#8211; le cavalier \u00ab\u00a0constate\u00a0\u00bb le mouvement plus qu&rsquo;il ne le \u00ab\u00a0demande\u00a0\u00bb.<\/h4>\n<p><iframe loading=\"lazy\" title=\"ESSV - Autonomie - Volte\" width=\"605\" height=\"340\" src=\"https:\/\/www.youtube.com\/embed\/2jmtQ9ZW5NU?feature=oembed\" frameborder=\"0\" allow=\"accelerometer; autoplay; clipboard-write; encrypted-media; gyroscope; picture-in-picture; web-share\" referrerpolicy=\"strict-origin-when-cross-origin\" allowfullscreen><\/iframe><\/p>\n<p>&nbsp;<\/p>\n<h3>&#8211; \u00a0<span style=\"color: #ff9900;\">VOLTE DE 12 M<\/span><\/h3>\n<h4>La r\u00e9gularit\u00e9 de l&rsquo;allure et du fonctionnemeent du cavalier permettent au cheval d&rsquo;opter pour une volte ronde &#8211; ici le coach renseigne sur le diam\u00e8tre r\u00e9alis\u00e9 \u00e0 post\u00e9riori<\/h4>\n<p><iframe loading=\"lazy\" title=\"ESSV - Autonomie sur une volte\" width=\"605\" height=\"340\" src=\"https:\/\/www.youtube.com\/embed\/T5_P0y-uqPg?feature=oembed\" frameborder=\"0\" allow=\"accelerometer; autoplay; clipboard-write; encrypted-media; gyroscope; picture-in-picture; web-share\" referrerpolicy=\"strict-origin-when-cross-origin\" allowfullscreen><\/iframe><\/p>\n<p>&nbsp;<\/p>\n<h3>&#8211; \u00a0<span style=\"color: #ff9900;\">VOLTE DE 12 M<\/span><\/h3>\n<h4>La r\u00e9gularit\u00e9 de l&rsquo;allure et du fonctionnemeent du cavalier permettent au cheval d&rsquo;opter pour une volte ronde &#8211; ici le coach renseigne sur le diam\u00e8tre r\u00e9alis\u00e9 \u00e0 post\u00e9riori<\/h4>\n<p><iframe loading=\"lazy\" title=\"ESSV ARAC  \u00c9volution travail CSO - Cavalier en aveugle avec lunettes anti-vue\" width=\"605\" height=\"340\" src=\"https:\/\/www.youtube.com\/embed\/iEoltq3GzVM?feature=oembed\" frameborder=\"0\" allow=\"accelerometer; autoplay; clipboard-write; encrypted-media; gyroscope; picture-in-picture; web-share\" referrerpolicy=\"strict-origin-when-cross-origin\" allowfullscreen><\/iframe><\/p>\n","protected":false},"excerpt":{"rendered":"<p>2 vid\u00e9os ajout\u00e9es &nbsp; &#8211; \u00a0CESSION \u00c0 LA JAMBE \u00a0 Le cavalier cr\u00e9\u00e9 les conditions pour que son cheval lui \u00ab\u00a0offre\u00a0\u00bb le mouvement : ici, la \u00ab\u00a0cession \u00e0 la jambe\u00a0\u00bb s&rsquo;impose au cheval comme le mouvement le plus adapt\u00e9 au &hellip;<\/p>\n<p class=\"read-more\"> <a class=\"more-link\" href=\"https:\/\/essv.fr\/index.php\/mouvements\/\"> <span class=\"screen-reader-text\">Mouvements techniques significatifs<\/span> Read More &raquo;<\/a><\/p>\n","protected":false},"author":2,"featured_media":0,"parent":0,"menu_order":0,"comment_status":"closed","ping_status":"closed","template":"","meta":{"footnotes":""},"class_list":["post-460","page","type-page","status-publish","hentry"],"_links":{"self":[{"href":"https:\/\/essv.fr\/index.php\/wp-json\/wp\/v2\/pages\/460","targetHints":{"allow":["GET"]}}],"collection":[{"href":"https:\/\/essv.fr\/index.php\/wp-json\/wp\/v2\/pages"}],"about":[{"href":"https:\/\/essv.fr\/index.php\/wp-json\/wp\/v2\/types\/page"}],"author":[{"embeddable":true,"href":"https:\/\/essv.fr\/index.php\/wp-json\/wp\/v2\/users\/2"}],"replies":[{"embeddable":true,"href":"https:\/\/essv.fr\/index.php\/wp-json\/wp\/v2\/comments?post=460"}],"version-history":[{"count":17,"href":"https:\/\/essv.fr\/index.php\/wp-json\/wp\/v2\/pages\/460\/revisions"}],"predecessor-version":[{"id":566,"href":"https:\/\/essv.fr\/index.php\/wp-json\/wp\/v2\/pages\/460\/revisions\/566"}],"wp:attachment":[{"href":"https:\/\/essv.fr\/index.php\/wp-json\/wp\/v2\/media?parent=460"}],"curies":[{"name":"wp","href":"https:\/\/api.w.org\/{rel}","templated":true}]}}