{"id":628,"date":"2017-04-07T22:09:27","date_gmt":"2017-04-07T20:09:27","guid":{"rendered":"http:\/\/essv.fr\/?page_id=628"},"modified":"2025-01-21T21:22:37","modified_gmt":"2025-01-21T20:22:37","slug":"acces-pages-facebook","status":"publish","type":"page","link":"https:\/\/essv.fr\/index.php\/acces-pages-facebook\/","title":{"rendered":"ACCES PAGES FACEBOOK"},"content":{"rendered":"<p>Rejoignez nous et r\u00e9agissez en direct sur les pages FACE BOOK que nous animons :<\/p>\n<p><span style=\"color: #333333;\"><a style=\"color: #333333;\" href=\"https:\/\/www.facebook.com\/christian.pauleve\">Cliquer sur\u00a0 :<\/a><\/span><strong><a href=\"https:\/\/www.facebook.com\/christian.pauleve\">\u00a0 Christian Paulev\u00e9<\/a><\/strong><br \/>pour suivre l&rsquo;actualit\u00e9 sur les actions d\u00e9di\u00e9es \u00e0 l&rsquo; \u00c9QUITATION SENSITIVE POUR TOUS<br \/>Enseignement &#8211; Coaching &#8211; \u00c9ducation des chevaux<br \/>Formation professionnelle continue des enseignants et formation des stagiaires moniteurs<\/p>\n<p><a href=\"http:\/\/www.facebook.com\/arac13vitrolles\/?pnref=lhc\"><span style=\"color: #333333;\">Cliquer sur\u00a0 :<\/span><\/a><strong><a href=\"http:\/\/www.facebook.com\/arac13vitrolles\/?pnref=lhc\">\u00a0ARAC &#8211; Association Rouchy des Aveugles \u00e0 Cheval<\/a><\/strong><br \/>pour suivre l&rsquo;actualit\u00e9 sur les actions d\u00e9di\u00e9es aux CAVALIERS D\u00c9FICIENTS VISUELS<br \/>M\u00e9diation animale &#8211; Enseignement &#8211; Coaching<br \/>Stage pratique BFE-EH mention \u00ab\u00a0Moteur et sensoriel\u00a0\u00bb pour les enseignants d&rsquo;\u00e9quitation<\/p>\n<p><a href=\"http:\/\/www.facebook.com\/Plus-quun-cours-343820765806595\/?fref=nf\"><span style=\"color: #333333;\">Cliquer sur : <\/span><strong>Plus qu&rsquo;un Cours<\/strong><\/a><br \/>Communaut\u00e9 anim\u00e9e par <strong>Matthieu Nithard<\/strong><br \/>Intervenant aupr\u00e9s de l&rsquo;ARAC &#8211; Moniteur ind\u00e9pendant BE 1<br \/>BFE-EQUI-HANDI Moteur et sensoriel &#8211; r\u00e9gion LANGUEDOC<\/p>\n<p>\u00a0<\/p>\n\n\n<p><\/p>\n","protected":false},"excerpt":{"rendered":"<p>Rejoignez nous et r\u00e9agissez en direct sur les pages FACE BOOK que nous animons : Cliquer sur\u00a0 :\u00a0 Christian Paulev\u00e9pour suivre l&rsquo;actualit\u00e9 sur les actions d\u00e9di\u00e9es \u00e0 l&rsquo; \u00c9QUITATION SENSITIVE POUR TOUSEnseignement &#8211; Coaching &#8211; \u00c9ducation des chevauxFormation professionnelle continue &hellip;<\/p>\n<p class=\"read-more\"> <a class=\"more-link\" href=\"https:\/\/essv.fr\/index.php\/acces-pages-facebook\/\"> <span class=\"screen-reader-text\">ACCES PAGES FACEBOOK<\/span> Read More &raquo;<\/a><\/p>\n","protected":false},"author":2,"featured_media":0,"parent":0,"menu_order":0,"comment_status":"closed","ping_status":"closed","template":"","meta":{"footnotes":""},"class_list":["post-628","page","type-page","status-publish","hentry"],"_links":{"self":[{"href":"https:\/\/essv.fr\/index.php\/wp-json\/wp\/v2\/pages\/628","targetHints":{"allow":["GET"]}}],"collection":[{"href":"https:\/\/essv.fr\/index.php\/wp-json\/wp\/v2\/pages"}],"about":[{"href":"https:\/\/essv.fr\/index.php\/wp-json\/wp\/v2\/types\/page"}],"author":[{"embeddable":true,"href":"https:\/\/essv.fr\/index.php\/wp-json\/wp\/v2\/users\/2"}],"replies":[{"embeddable":true,"href":"https:\/\/essv.fr\/index.php\/wp-json\/wp\/v2\/comments?post=628"}],"version-history":[{"count":15,"href":"https:\/\/essv.fr\/index.php\/wp-json\/wp\/v2\/pages\/628\/revisions"}],"predecessor-version":[{"id":863,"href":"https:\/\/essv.fr\/index.php\/wp-json\/wp\/v2\/pages\/628\/revisions\/863"}],"wp:attachment":[{"href":"https:\/\/essv.fr\/index.php\/wp-json\/wp\/v2\/media?parent=628"}],"curies":[{"name":"wp","href":"https:\/\/api.w.org\/{rel}","templated":true}]}}